{"id":791,"date":"2013-06-15T14:13:54","date_gmt":"2013-06-15T14:13:54","guid":{"rendered":"http:\/\/www.edelstam.org\/?page_id=791"},"modified":"2013-06-15T14:13:54","modified_gmt":"2013-06-15T14:13:54","slug":"estatuto-de-la-fundacion-harald-edelstam","status":"publish","type":"page","link":"https:\/\/www.edelstam.org\/es\/estatuto-de-la-fundacion-harald-edelstam\/","title":{"rendered":"Estatuto de la Fundaci\u00f3n Harald Edelstam"},"content":{"rendered":"<p><strong>Nombre de la Fundaci\u00f3n<\/strong><br \/>\n1\u00a7 El nombre de la Fundaci\u00f3n es Fundaci\u00f3n de Recaudaci\u00f3n Harald Edelstam, (Insamlingsstiftelsen Harald Edelstam)<\/p>\n<p><strong>Los objetivos y la tarea de la Fundaci\u00f3n Harald Edelstam<\/strong><br \/>\n2\u00a7 La Fundaci\u00f3n defiende una filosof\u00eda human\u00edstica basada en los valores y principios expresados en la declaraci\u00f3n de la O.N.U de 1948, sobre los derechos humanos y las\u00a0 subsiguientes convenciones sobre el derecho internacional universalmente aceptado. La Fundaci\u00f3n es una organizaci\u00f3n sin vinculaci\u00f3n pol\u00edtica ni religiosa.<\/p>\n<p>El objetivo de la fundaci\u00f3n es recaudar y administrar los fondos con los cuales financiar\u00e1 los costos de la distribuci\u00f3n del premio Edelstam siguiendo el esp\u00edritu del diplom\u00e1tico y embajador sueco Harald Edelstam (1913-1989). Los galardonados deben ser personas individuales o personas que representen a un gobierno o a una organizaci\u00f3n nacional o internacional que en su manera de actuar hayan cumplido todos o la mayor\u00eda de los siguientes criterios:<\/p>\n<p>\u2022 Haber actuado siguiendo el esp\u00edritu de Harald Edelstam en un pa\u00eds o pa\u00edses donde se hayan cometido violaciones de los derechos humanos por un r\u00e9gimen o por otro poder autocr\u00e1tico fuerte.<\/p>\n<p>\u2022 Haber demostrado una gran capacidad para analizar r\u00e1pidamente una situaci\u00f3n compleja encontrando alternativas, incluso de una manera no convencional y creativa, para defender en la pr\u00e1ctica los derechos humanos.<\/p>\n<p>\u2022 Haber actuado en una situaci\u00f3n, dif\u00edcil o tumultuosa, de una forma decisiva para muchas personas desprotegidas o directamente haber salvado la vida de personas.<\/p>\n<p>\u2022 Haber demostrado con sus actos gran valor c\u00edvico, actuando, atrevi\u00e9ndose a ir contra corriente y demostrando que incluso en los momentos m\u00e1s dif\u00edciles es posible contribuir a la defensa de los derechos humanos.<\/p>\n<p>\u2022 Haber actuado con gran competencia, tenacidad y astucia, teniendo el coraje de no ceder ante trabas formales o amenazas.<\/p>\n<p>El Premio Edelstam se planea otorgar de manera permanente y peri\u00f3dica.<\/p>\n<p>Los medios recaudados al llamamiento de la Fundaci\u00f3n y la Asociaci\u00f3n Harald Edelstam deber\u00e1n, en forma de patrimonio independiente, fomentar los objetivos citados de una manera duradera.<\/p>\n<p>La Fundaci\u00f3n se reserva el derecho de rechazar donaciones y colaboraciones que no concuerdan con los valores y la manera de trabajar de la Fundaci\u00f3n.<\/p>\n<p><strong>La gesti\u00f3n de la Fundaci\u00f3n<\/strong><br \/>\n3 \u00a7 La Fundaci\u00f3n se administrar\u00e1 y representar\u00e1 por una directiva con sede en Estocolmo.<\/p>\n<p>4 \u00a7 Cada a\u00f1o, despu\u00e9s de la revisi\u00f3n y aprobaci\u00f3n del informe anual precedente, la directiva decidir\u00e1 sobre la entrega de un premio antes de la siguiente junta anual. Si se va a entregar el Premio Edelstam, la directiva decidir\u00e1 un presupuesto para esto, incluyendo el premio y los gastos relacionados. Al determinar el nivel de este presupuesto, la directiva debe considerar la totalidad de los fondos recaudados para garantizar la entrega del premio. Esto garantizar\u00e1 la continuidad del objetivo de la Fundaci\u00f3n.<\/p>\n<p>5 \u00a7 La tarea principal de la directiva es hacerse responsable de la administraci\u00f3n de los fondos recaudados de manera que:<\/p>\n<p>\u2022 los beneficios sean lo m\u00e1s altos posibles con bajo riesgo.<\/p>\n<p>\u2022 los criterios de inversi\u00f3n sigan reglan \u00e9ticas.<\/p>\n<p>\u2022 los gastos para recaudar y administrar se mantengan lo m\u00e1s bajos posible.<\/p>\n<p>6 \u00a7 La Fundaci\u00f3n Harald Edelstam administra y se otorga el Premio Edelstam (\u201cThe Edelstam Prize\u201d) por la labor excepcional y gran coraje en la defensa de los derechos humanos. Adem\u00e1s, la Fundaci\u00f3n Edelstam alienta coraje c\u00edvico en el esp\u00edritu del Embajador Harald Edelstam, trabaja en formaci\u00f3n de opini\u00f3n p\u00fablica, promoci\u00f3n, educaci\u00f3n e informaci\u00f3n dentro de la Defensa de los Derechos Humanos. Tambi\u00e9n act\u00faa como observador en juicios relacionados con el rubro de la fundaci\u00f3n.<\/p>\n<p>Dentro de la a\u00e9rea de responsabilidad de la fundaci\u00f3n esta:<\/p>\n<p>\u2022 realizaci\u00f3n de todo el proceso alrededor del Premio Edelstam<\/p>\n<p>\u2022 actividades de recaudaci\u00f3n de fondos<\/p>\n<p>\u2022 el trabajo de informaci\u00f3n sobre la labor de Harald Edelstam y sobre labores realizadas siguiendo su esp\u00edritu en el debate social y cultural, en escuelas y la formaci\u00f3n popular.<\/p>\n<p>Para elegir al premiado, la directiva nombrar\u00e1 un Jurado de al menos cinco personas de las cuales por lo menos una persona formar\u00e1 parte de la directiva de la Fundaci\u00f3n. Esta persona o una de estas personas ser\u00e1 presidente con voto decisivo en el Jurado cuya funci\u00f3n es elegir a los premiados del Premio Edelstam.<\/p>\n<p>7 \u00a7 La directiva debe estar formada por un m\u00ednimo de seis personas. M\u00ednimo un miembro de la directiva debe residir en Suecia. La directiva y su presidente ser\u00e1n elegidos por la directiva de la Asociaci\u00f3n Harald Edelstam para un mandato de dos a\u00f1os pudi\u00e9ndose ser reelegidos. La directiva de la Asociaci\u00f3n Harald Edelstam nombrar\u00e1 a un nuevo miembro si se produce una vacante. La mitad de la directiva ser\u00e1 reelegida cada a\u00f1o. Al nombrar la primera directiva, el mandato para la mitad de los miembros, o en caso de n\u00fameros desaparejados, la mitad m\u00e1s uno, ser\u00e1 de un a\u00f1o.<\/p>\n<p>Si la directiva de la Asociaci\u00f3n Harald Edelstam no apoya los objetivos de la fundaci\u00f3n o no tiene la capacidad de realizar la tareas arriba mencionadas, ser\u00e1 la directiva de la Fundaci\u00f3n quien lo haga. Como m\u00ednimo uno de los miembros de la directiva de la Fundaci\u00f3n ser\u00e1 miembro tambi\u00e9n de la directiva de la Asociaci\u00f3n Harald Edelstam si las condiciones arriba mencionadas se cumplen.<\/p>\n<p>8 \u00a7 La presencia de m\u00e1s de la mitad de los miembros de la directiva constituye el qu\u00f3rum. Los acuerdos son v\u00e1lidos si m\u00e1s de la mitad de las personas presentes votan a favor, o en caso de igualdad de votos, seg\u00fan la opini\u00f3n expresada por el presidente.<\/p>\n<p>9 \u00a7 La directiva debe reunirse por lo menos dos veces al a\u00f1o de ejercicio, convocada por el presidente. Adem\u00e1s el presidente tiene que reunir a la directiva si dos o m\u00e1s miembros lo exigen. En las sesiones de la directiva se deben levantar actas, las cuales deben ser aprobadas por el presidente y un interventor nombrado en la sesi\u00f3n.<\/p>\n<p>10 \u00a7 Representantes de la Fundaci\u00f3n son, adem\u00e1s de la directiva, la o las personas que la directiva nombre para esto.<\/p>\n<p>11 \u00a7 No se dar\u00e1 ninguna remuneraci\u00f3n econ\u00f3mica a la directiva excepto las compensaciones por gastos necesarios y razonables.<\/p>\n<p><strong>La contabilidad.<\/strong><br \/>\n12 \u00a7 La contabilidad de la Fundaci\u00f3n debe llevarse seg\u00fan la Ley de Contabilidad (1999:1078).<\/p>\n<p>13 \u00a7 El ejercicio financiero de la Fundaci\u00f3n ser\u00e1 el a\u00f1o civil.<\/p>\n<p>La directiva debe cada a\u00f1o, como m\u00e1ximo el 30 de abril, levantar un informe financiero anual y una memoria del ejercicio del a\u00f1o precedente, seg\u00fan la regulaci\u00f3n de la ley de informe anual (1995:1544). Y en esta se debe dar informe de c\u00f3mo los objetivos se han realizado durante el ejercicio financiero.<\/p>\n<p>14 \u00a7 La administraci\u00f3n de la directiva debe ser controlada por un censor jurado de cuentas o por una asesor\u00eda fiscal registrada.<\/p>\n<p><strong>Cambios<\/strong><br \/>\n15 \u00a7 La directiva de la Fundaci\u00f3n en \u00be mayor\u00eda podr\u00e1 decidir sobre cambios de estas regulaciones, con excepci\u00f3n de la cl\u00e1usula de los objetivos (2 \u00a7), la autoridad competente.<\/p>\n","protected":false},"excerpt":{"rendered":"<p>Nombre de la Fundaci\u00f3n 1\u00a7 El nombre de la Fundaci\u00f3n es Fundaci\u00f3n de Recaudaci\u00f3n Harald Edelstam, (Insamlingsstiftelsen Harald Edelstam) Los objetivos y la tarea de la Fundaci\u00f3n Harald Edelstam 2\u00a7 La Fundaci\u00f3n defiende una filosof\u00eda human\u00edstica basada en los valores y principios expresados en la declaraci\u00f3n de la O.N.U de 1948, sobre los derechos humanos [&hellip;]<\/p>\n","protected":false},"author":1,"featured_media":0,"parent":0,"menu_order":0,"comment_status":"closed","ping_status":"closed","template":"full-width-page.php","meta":{"ocean_post_layout":"","ocean_both_sidebars_style":"","ocean_both_sidebars_content_width":0,"ocean_both_sidebars_sidebars_width":0,"ocean_sidebar":"","ocean_second_sidebar":"","ocean_disable_margins":"enable","ocean_add_body_class":"","ocean_shortcode_before_top_bar":"","ocean_shortcode_after_top_bar":"","ocean_shortcode_before_header":"","ocean_shortcode_after_header":"","ocean_has_shortcode":"","ocean_shortcode_after_title":"","ocean_shortcode_before_footer_widgets":"","ocean_shortcode_after_footer_widgets":"","ocean_shortcode_before_footer_bottom":"","ocean_shortcode_after_footer_bottom":"","ocean_display_top_bar":"default","ocean_display_header":"default","ocean_header_style":"","ocean_center_header_left_menu":"","ocean_custom_header_template":"","ocean_custom_logo":0,"ocean_custom_retina_logo":0,"ocean_custom_logo_max_width":0,"ocean_custom_logo_tablet_max_width":0,"ocean_custom_logo_mobile_max_width":0,"ocean_custom_logo_max_height":0,"ocean_custom_logo_tablet_max_height":0,"ocean_custom_logo_mobile_max_height":0,"ocean_header_custom_menu":"","ocean_menu_typo_font_family":"","ocean_menu_typo_font_subset":"","ocean_menu_typo_font_size":0,"ocean_menu_typo_font_size_tablet":0,"ocean_menu_typo_font_size_mobile":0,"ocean_menu_typo_font_size_unit":"px","ocean_menu_typo_font_weight":"","ocean_menu_typo_font_weight_tablet":"","ocean_menu_typo_font_weight_mobile":"","ocean_menu_typo_transform":"","ocean_menu_typo_transform_tablet":"","ocean_menu_typo_transform_mobile":"","ocean_menu_typo_line_height":0,"ocean_menu_typo_line_height_tablet":0,"ocean_menu_typo_line_height_mobile":0,"ocean_menu_typo_line_height_unit":"","ocean_menu_typo_spacing":0,"ocean_menu_typo_spacing_tablet":0,"ocean_menu_typo_spacing_mobile":0,"ocean_menu_typo_spacing_unit":"","ocean_menu_link_color":"","ocean_menu_link_color_hover":"","ocean_menu_link_color_active":"","ocean_menu_link_background":"","ocean_menu_link_hover_background":"","ocean_menu_link_active_background":"","ocean_menu_social_links_bg":"","ocean_menu_social_hover_links_bg":"","ocean_menu_social_links_color":"","ocean_menu_social_hover_links_color":"","ocean_disable_title":"default","ocean_disable_heading":"default","ocean_post_title":"","ocean_post_subheading":"","ocean_post_title_style":"","ocean_post_title_background_color":"","ocean_post_title_background":0,"ocean_post_title_bg_image_position":"","ocean_post_title_bg_image_attachment":"","ocean_post_title_bg_image_repeat":"","ocean_post_title_bg_image_size":"","ocean_post_title_height":0,"ocean_post_title_bg_overlay":0.5,"ocean_post_title_bg_overlay_color":"","ocean_disable_breadcrumbs":"default","ocean_breadcrumbs_color":"","ocean_breadcrumbs_separator_color":"","ocean_breadcrumbs_links_color":"","ocean_breadcrumbs_links_hover_color":"","ocean_display_footer_widgets":"default","ocean_display_footer_bottom":"default","ocean_custom_footer_template":"","footnotes":""},"class_list":["post-791","page","type-page","status-publish","hentry","entry"],"aioseo_notices":[],"_links":{"self":[{"href":"https:\/\/www.edelstam.org\/es\/wp-json\/wp\/v2\/pages\/791","targetHints":{"allow":["GET"]}}],"collection":[{"href":"https:\/\/www.edelstam.org\/es\/wp-json\/wp\/v2\/pages"}],"about":[{"href":"https:\/\/www.edelstam.org\/es\/wp-json\/wp\/v2\/types\/page"}],"author":[{"embeddable":true,"href":"https:\/\/www.edelstam.org\/es\/wp-json\/wp\/v2\/users\/1"}],"replies":[{"embeddable":true,"href":"https:\/\/www.edelstam.org\/es\/wp-json\/wp\/v2\/comments?post=791"}],"version-history":[{"count":0,"href":"https:\/\/www.edelstam.org\/es\/wp-json\/wp\/v2\/pages\/791\/revisions"}],"wp:attachment":[{"href":"https:\/\/www.edelstam.org\/es\/wp-json\/wp\/v2\/media?parent=791"}],"curies":[{"name":"wp","href":"https:\/\/api.w.org\/{rel}","templated":true}]}}