{"id":784,"date":"2013-06-15T14:00:39","date_gmt":"2013-06-15T14:00:39","guid":{"rendered":"http:\/\/www.edelstam.org\/?page_id=784"},"modified":"2013-06-15T14:00:39","modified_gmt":"2013-06-15T14:00:39","slug":"fundacion-edelstam","status":"publish","type":"page","link":"https:\/\/www.edelstam.org\/es\/fundacion-edelstam\/","title":{"rendered":"Fundaci\u00f3n Edelstam"},"content":{"rendered":"<p>La Fundaci\u00f3n Edelstam plantea una visi\u00f3n humanista, basada en los valores y principios que se encuentran expresados principalmente en la Declaraci\u00f3n de Derechos Humanos de las Naciones Unidas de 1948, adem\u00e1s de las convenciones que le siguen y derecho p\u00fablico aceptado internacionalmente. La fundaci\u00f3n es una organizaci\u00f3n pol\u00edtica y religiosamente independiente. La Fundaci\u00f3n Edelstam es una organizaci\u00f3n sin fines de lucro registrada en Suecia, con sede en Estocolmo, y es representada por embajadores en Londres, Hamburgo, Nueva York, Concepci\u00f3n (Chile) y Montevideo (Uruguay).<\/p>\n<p>Existe un creciente consenso global en cuanto a que las organizaciones tienen la responsabilidad de respetar los Derechos Humanos. Las organizaciones pueden afectar una diversa gama de Derechos Humanos.<\/p>\n<p><b>La Fundaci\u00f3n Edelstam se crea para alentar el coraje civil en el esp\u00edritu del Embajador Harald Edelstam mediante la formaci\u00f3n de opini\u00f3n, defensa e informaci\u00f3n, investigaci\u00f3n y observaci\u00f3n dentro del marco de los Derechos Humanos. Adem\u00e1s, la Fundaci\u00f3n Edelstam administra el Premio Edelstam otorgado por\u00a0 la defensa de la opini\u00f3n propia en relaci\u00f3n con el resguardo de los derechos humanos.<\/b><\/p>\n<p>Creemos que a trav\u00e9s de nuestra existencia y acciones que desarrollamos podemos contribuir a la sociedad en largo plazo y a un desarrollo sostenible.\u00a0 Hacemos esto construyendo conciencia acerca de los derechos humanos, a un nivel temprano en diversas instituciones educativas as\u00ed como influenciando organizaciones m\u00e1s grandes y empresas mediante actividades de colaboraci\u00f3n.<\/p>\n<p>La Fundaci\u00f3n y el Premio Edelstam deben su nombre y se otorga en memoria del diplom\u00e1tico sueco y Embajador Harald Edelstam (1913-1989). Harald Edelstam se distingui\u00f3 como diplom\u00e1tico por su profesionalismo, su valor y coraje civil en la lucha por la defensa de los derechos humanos. Fue un temprano exponente y s\u00edmbolo de lo que hoy conocemos como la \u201cresponsabilidad de proteger\u201d y sus acciones memorables contribuyeron a salvar numerosas vidas.<\/p>\n","protected":false},"excerpt":{"rendered":"<p>La Fundaci\u00f3n Edelstam plantea una visi\u00f3n humanista, basada en los valores y principios que se encuentran expresados principalmente en la Declaraci\u00f3n de Derechos Humanos de las Naciones Unidas de 1948, adem\u00e1s de las convenciones que le siguen y derecho p\u00fablico aceptado internacionalmente. La fundaci\u00f3n es una organizaci\u00f3n pol\u00edtica y religiosamente independiente. La Fundaci\u00f3n Edelstam es [&hellip;]<\/p>\n","protected":false},"author":1,"featured_media":0,"parent":0,"menu_order":0,"comment_status":"closed","ping_status":"closed","template":"full-width-page.php","meta":{"ocean_post_layout":"","ocean_both_sidebars_style":"","ocean_both_sidebars_content_width":0,"ocean_both_sidebars_sidebars_width":0,"ocean_sidebar":"","ocean_second_sidebar":"","ocean_disable_margins":"enable","ocean_add_body_class":"","ocean_shortcode_before_top_bar":"","ocean_shortcode_after_top_bar":"","ocean_shortcode_before_header":"","ocean_shortcode_after_header":"","ocean_has_shortcode":"","ocean_shortcode_after_title":"","ocean_shortcode_before_footer_widgets":"","ocean_shortcode_after_footer_widgets":"","ocean_shortcode_before_footer_bottom":"","ocean_shortcode_after_footer_bottom":"","ocean_display_top_bar":"default","ocean_display_header":"default","ocean_header_style":"","ocean_center_header_left_menu":"","ocean_custom_header_template":"","ocean_custom_logo":0,"ocean_custom_retina_logo":0,"ocean_custom_logo_max_width":0,"ocean_custom_logo_tablet_max_width":0,"ocean_custom_logo_mobile_max_width":0,"ocean_custom_logo_max_height":0,"ocean_custom_logo_tablet_max_height":0,"ocean_custom_logo_mobile_max_height":0,"ocean_header_custom_menu":"","ocean_menu_typo_font_family":"","ocean_menu_typo_font_subset":"","ocean_menu_typo_font_size":0,"ocean_menu_typo_font_size_tablet":0,"ocean_menu_typo_font_size_mobile":0,"ocean_menu_typo_font_size_unit":"px","ocean_menu_typo_font_weight":"","ocean_menu_typo_font_weight_tablet":"","ocean_menu_typo_font_weight_mobile":"","ocean_menu_typo_transform":"","ocean_menu_typo_transform_tablet":"","ocean_menu_typo_transform_mobile":"","ocean_menu_typo_line_height":0,"ocean_menu_typo_line_height_tablet":0,"ocean_menu_typo_line_height_mobile":0,"ocean_menu_typo_line_height_unit":"","ocean_menu_typo_spacing":0,"ocean_menu_typo_spacing_tablet":0,"ocean_menu_typo_spacing_mobile":0,"ocean_menu_typo_spacing_unit":"","ocean_menu_link_color":"","ocean_menu_link_color_hover":"","ocean_menu_link_color_active":"","ocean_menu_link_background":"","ocean_menu_link_hover_background":"","ocean_menu_link_active_background":"","ocean_menu_social_links_bg":"","ocean_menu_social_hover_links_bg":"","ocean_menu_social_links_color":"","ocean_menu_social_hover_links_color":"","ocean_disable_title":"default","ocean_disable_heading":"default","ocean_post_title":"","ocean_post_subheading":"","ocean_post_title_style":"","ocean_post_title_background_color":"","ocean_post_title_background":0,"ocean_post_title_bg_image_position":"","ocean_post_title_bg_image_attachment":"","ocean_post_title_bg_image_repeat":"","ocean_post_title_bg_image_size":"","ocean_post_title_height":0,"ocean_post_title_bg_overlay":0.5,"ocean_post_title_bg_overlay_color":"","ocean_disable_breadcrumbs":"default","ocean_breadcrumbs_color":"","ocean_breadcrumbs_separator_color":"","ocean_breadcrumbs_links_color":"","ocean_breadcrumbs_links_hover_color":"","ocean_display_footer_widgets":"default","ocean_display_footer_bottom":"default","ocean_custom_footer_template":"","footnotes":""},"class_list":["post-784","page","type-page","status-publish","hentry","entry"],"aioseo_notices":[],"_links":{"self":[{"href":"https:\/\/www.edelstam.org\/es\/wp-json\/wp\/v2\/pages\/784","targetHints":{"allow":["GET"]}}],"collection":[{"href":"https:\/\/www.edelstam.org\/es\/wp-json\/wp\/v2\/pages"}],"about":[{"href":"https:\/\/www.edelstam.org\/es\/wp-json\/wp\/v2\/types\/page"}],"author":[{"embeddable":true,"href":"https:\/\/www.edelstam.org\/es\/wp-json\/wp\/v2\/users\/1"}],"replies":[{"embeddable":true,"href":"https:\/\/www.edelstam.org\/es\/wp-json\/wp\/v2\/comments?post=784"}],"version-history":[{"count":0,"href":"https:\/\/www.edelstam.org\/es\/wp-json\/wp\/v2\/pages\/784\/revisions"}],"wp:attachment":[{"href":"https:\/\/www.edelstam.org\/es\/wp-json\/wp\/v2\/media?parent=784"}],"curies":[{"name":"wp","href":"https:\/\/api.w.org\/{rel}","templated":true}]}}