{"id":756,"date":"2013-06-15T13:19:36","date_gmt":"2013-06-15T13:19:36","guid":{"rendered":"http:\/\/www.edelstam.org\/?page_id=756"},"modified":"2016-03-15T11:39:37","modified_gmt":"2016-03-15T10:39:37","slug":"historia-de-he","status":"publish","type":"page","link":"https:\/\/www.edelstam.org\/es\/historia-de-he\/","title":{"rendered":"Historia de HE"},"content":{"rendered":"<p><b>Harald Edelstam<\/b><br \/>\n<img loading=\"lazy\" decoding=\"async\" class=\"alignright wp-image-530 size-full\" src=\"http:\/\/www.edelstam.org\/wp-content\/uploads\/2013\/03\/HE_Logga_2_1_web.jpg\" alt=\"Harald Edelstam\" width=\"469\" height=\"640\" srcset=\"https:\/\/www.edelstam.org\/wp-content\/uploads\/2013\/03\/HE_Logga_2_1_web.jpg 469w, https:\/\/www.edelstam.org\/wp-content\/uploads\/2013\/03\/HE_Logga_2_1_web-219x300.jpg 219w\" sizes=\"auto, (max-width: 469px) 100vw, 469px\" \/>El diplom\u00e1tico y Embajador Harald Edelstam, nacido en Estocolmo el 17 de marzo de 1913, muri\u00f3 el 16 de abril de 1989 y es conocido por haber salvado la vida de un gran n\u00famero de personas durante y despu\u00e9s del golpe militar del general Augusto Pinochet en Chile en 1973. Adem\u00e1s se le conoce por haber salvado la vida de cientos de combatientes de la resistencia noruega y jud\u00edos en la Noruega ocupada por los Nazi a fines de la Segunda Guerra Mundial.<\/p>\n<p>Harald Edelstam se distingui\u00f3 como diplom\u00e1tico por su profesionalismo, valor y coraje civil en la defensa de los Derechos Humanos. Fue un temprano exponente y s\u00edmbolo de lo que hoy se conoce como \u201cLa responsabilidad de proteger\u201d y sus actos memorables contribuyeron a salvar miles de vidas.<\/p>\n<p><b>Historia<\/b><br \/>\nHarald Edelstam era el hijo del chambel\u00e1n Fabian Edelstam y Hilma Dickinson, as\u00ed como el hermano mayor del Embajador Axel Edelstam. Fue el primero en su clase en la escuela militar de cadetes Karlberg en Estocolmo y despu\u00e9s de terminar su licenciatura en Derecho 1939, Edelstam fue contratado inmediatamente por el Ministerio de Relaciones Exteriores. Su primer destino fue como Agregado en Roma ese mismo a\u00f1o. Edelstam sirvi\u00f3 en Berl\u00edn en 1941, en Oslo, 1942-1944 y durante los a\u00f1os 1944 y 1945 fue obligado a sentarse en el \u00e1tico del Ministerio de Relaciones Exteriores y revisar los informes de gastos de viaje.\u00a0 Cuando \u00d6sten Und\u00e9n se convirti\u00f3 en Ministro de Relaciones Exteriores en 1945, Edelstam fue nombrado Secretario del Ministro y, posteriormente, entre 1948 y 1952 se desempe\u00f1\u00f3 como Primer Secretario de la Haya, desde 1952 hasta 1954 fue permaneci\u00f3 en Varsovia y luego se traslad\u00f3 a Estocolmo donde trabaj\u00f3 en el Departamento de Comercio Internacional del Ministerio de Relaciones Exteriores y a partir de 1985 en el Departamento de Pol\u00edtica. Edelstam fue consejero de Embajada en Vietman entre 1958 y 1962 y C\u00f3nsul General en Estambul entre 1962 y 1965. M\u00e1s tarde, fue nombrado Embajador en Djakarta (1965 \u2013 1969), de Guatemala (1969 \u2013 1971), Santiago de Chile (1972-1973) y finalmente en Algeria desde 1974 hasta su jubilaci\u00f3n en 1979, a los 66 a\u00f1os.<\/p>\n<p>En 1939 Edelstam contrajo matrimonio con Loise von Rosen con quien tuvo tres hijos: Carl, Hans y Erik Edelstam. De 1959 a 1962 Edelstam estuvo casado con Natascha Michew y de 1981 a 1989 con Christine Colmain.<\/p>\n<p><b>Noruega 1942-1944<\/b><br \/>\nEl Embajador Edelstam trabaj\u00f3 durante el segundo periodo de la II Guerra Mundial en la Noruega ocupada por los Nazis donde salv\u00f3 la vida de cientos de personas jud\u00edas y miembros de la resistencia noruega funcionando como contacto entre los alemanes y el grupo de resistencia noruego \u201cHimmerlfronten\u201d donde obtuvo su sobrenombre, \u201cEl Clavel Negro\u201d. M\u00e1s tarde, comenz\u00f3 a trasladar de manera clandestina a personas a Suecia por estar peligrando sus vidas al ser parte de la resistencia o por el hecho de ser jud\u00edos. Muchos de ellos fueron personalmente protegidos por el Sr. Embajador, cobijados en la intimidad de su casa. No obstante, uno de sus m\u00e1s grandes logros fue crear y difundir un diario clandestino e ilegal para entregar informaci\u00f3n durante la guerra. Adem\u00e1s, en su car\u00e1cter de Diplom\u00e1tico tambi\u00e9n tuvo acceso a una radio, la cual us\u00f3 para difundir informaci\u00f3n en sus estad\u00edas en Londres.<\/p>\n<p>Este trabajo junto con haber escrito boletines informativos, los cuales se encargaba de repartir clandestinamente al p\u00fablico general, tuvo un rol muy importante en t\u00e9rminos de que efectivamente logr\u00f3 hacer un grado de contrapeso a la propaganda controlada por los Nazis en Noruega.<\/p>\n<p><b>Chile 1972-1973<\/b><br \/>\nHarald Edelstam fue designado Embajador de Suecia en Santiago de Chile en 1972 y ocupaba dicho cargo al momento del golpe militar de Augusto Pinochet el 11 de septiembre de 1973. Edelstam hab\u00eda expresado abiertamente su simpat\u00eda por el presidente socialista elegido por el pueblo, Salvador Allende. Despu\u00e9s haber sido derrocado Allende, Edelstam salv\u00f3 innumerables personas ofreciendo salvoconducto y el asilo en Suecia a chilenos perseguidos y otros latinoamericanos que hab\u00edan huido a Chile de la dictadura militar en Uruguay y Brasil.<\/p>\n<p>Tras el golpe militar, Edelstam llevo a cabo varias acciones notables, dentro las cuales destaca la\u00a0 desarrollada cuando la Embajada de Cuba fue sitiada por el ej\u00e9rcito chileno. Edelstam us\u00f3 su inmunidad diplom\u00e1tica y al entrar al recinto Embajada de Cuba logr\u00f3 detener los disparos dirigidos a \u00e9sta, y as\u00ed iniciar las negociaciones con los militares chilenos. Esto dio lugar a la evacuaci\u00f3n del personal de la embajada y en colaboraci\u00f3n con el Primer Ministro de Suecia, Olof Palme, Edelstam inmediatamente asumi\u00f3 la tarea de proteger los edificios de la embajada cubana.<\/p>\n<p>Al d\u00eda siguiente, Edelstam iz\u00f3 la bandera sueca sobre la Embajada de Cuba. Otra de las acciones que llev\u00f3 a cabo fue el rescate de los 58 &#8220;Tupamaros&#8221; uruguayos del conocido campo de concentraci\u00f3n del Estadio Nacional. En base a la informaci\u00f3n y reclamos de varios presos, Edelstam y el Vice C\u00f3nsul Bengt Oldenburg lograron obtener la liberaci\u00f3n de los 58 condenados &#8220;Tupamaros&#8221; y trasladarlos a un lugar seguro. El r\u00e9gimen militar repudi\u00f3 el accionar de Edelstam y tras una pelea en un hospital con el ej\u00e9rcito chileno en relaci\u00f3n a una mujer chilena enferma que estaba bajo protecci\u00f3n sueca, fue expulsado del pa\u00eds.<\/p>\n<p>El 04 de diciembre 1973 Edelstam fue declarado &#8220;persona non grata&#8221; y abandon\u00f3 Chile 5 d\u00edas despu\u00e9s. Hoy en d\u00eda, Harald Edelstam es considerado como un h\u00e9roe en toda Am\u00e9rica Latina.<\/p>\n","protected":false},"excerpt":{"rendered":"<p>Harald Edelstam El diplom\u00e1tico y Embajador Harald Edelstam, nacido en Estocolmo el 17 de marzo de 1913, muri\u00f3 el 16 de abril de 1989 y es conocido por haber salvado la vida de un gran n\u00famero de personas durante y despu\u00e9s del golpe militar del general Augusto Pinochet en Chile en 1973. Adem\u00e1s se le [&hellip;]<\/p>\n","protected":false},"author":1,"featured_media":0,"parent":0,"menu_order":0,"comment_status":"open","ping_status":"open","template":"","meta":{"ocean_post_layout":"","ocean_both_sidebars_style":"","ocean_both_sidebars_content_width":0,"ocean_both_sidebars_sidebars_width":0,"ocean_sidebar":"","ocean_second_sidebar":"","ocean_disable_margins":"enable","ocean_add_body_class":"","ocean_shortcode_before_top_bar":"","ocean_shortcode_after_top_bar":"","ocean_shortcode_before_header":"","ocean_shortcode_after_header":"","ocean_has_shortcode":"","ocean_shortcode_after_title":"","ocean_shortcode_before_footer_widgets":"","ocean_shortcode_after_footer_widgets":"","ocean_shortcode_before_footer_bottom":"","ocean_shortcode_after_footer_bottom":"","ocean_display_top_bar":"default","ocean_display_header":"default","ocean_header_style":"","ocean_center_header_left_menu":"","ocean_custom_header_template":"","ocean_custom_logo":0,"ocean_custom_retina_logo":0,"ocean_custom_logo_max_width":0,"ocean_custom_logo_tablet_max_width":0,"ocean_custom_logo_mobile_max_width":0,"ocean_custom_logo_max_height":0,"ocean_custom_logo_tablet_max_height":0,"ocean_custom_logo_mobile_max_height":0,"ocean_header_custom_menu":"","ocean_menu_typo_font_family":"","ocean_menu_typo_font_subset":"","ocean_menu_typo_font_size":0,"ocean_menu_typo_font_size_tablet":0,"ocean_menu_typo_font_size_mobile":0,"ocean_menu_typo_font_size_unit":"px","ocean_menu_typo_font_weight":"","ocean_menu_typo_font_weight_tablet":"","ocean_menu_typo_font_weight_mobile":"","ocean_menu_typo_transform":"","ocean_menu_typo_transform_tablet":"","ocean_menu_typo_transform_mobile":"","ocean_menu_typo_line_height":0,"ocean_menu_typo_line_height_tablet":0,"ocean_menu_typo_line_height_mobile":0,"ocean_menu_typo_line_height_unit":"","ocean_menu_typo_spacing":0,"ocean_menu_typo_spacing_tablet":0,"ocean_menu_typo_spacing_mobile":0,"ocean_menu_typo_spacing_unit":"","ocean_menu_link_color":"","ocean_menu_link_color_hover":"","ocean_menu_link_color_active":"","ocean_menu_link_background":"","ocean_menu_link_hover_background":"","ocean_menu_link_active_background":"","ocean_menu_social_links_bg":"","ocean_menu_social_hover_links_bg":"","ocean_menu_social_links_color":"","ocean_menu_social_hover_links_color":"","ocean_disable_title":"default","ocean_disable_heading":"default","ocean_post_title":"","ocean_post_subheading":"","ocean_post_title_style":"","ocean_post_title_background_color":"","ocean_post_title_background":0,"ocean_post_title_bg_image_position":"","ocean_post_title_bg_image_attachment":"","ocean_post_title_bg_image_repeat":"","ocean_post_title_bg_image_size":"","ocean_post_title_height":0,"ocean_post_title_bg_overlay":0.5,"ocean_post_title_bg_overlay_color":"","ocean_disable_breadcrumbs":"default","ocean_breadcrumbs_color":"","ocean_breadcrumbs_separator_color":"","ocean_breadcrumbs_links_color":"","ocean_breadcrumbs_links_hover_color":"","ocean_display_footer_widgets":"default","ocean_display_footer_bottom":"default","ocean_custom_footer_template":"","footnotes":""},"class_list":["post-756","page","type-page","status-publish","hentry","entry"],"aioseo_notices":[],"_links":{"self":[{"href":"https:\/\/www.edelstam.org\/es\/wp-json\/wp\/v2\/pages\/756","targetHints":{"allow":["GET"]}}],"collection":[{"href":"https:\/\/www.edelstam.org\/es\/wp-json\/wp\/v2\/pages"}],"about":[{"href":"https:\/\/www.edelstam.org\/es\/wp-json\/wp\/v2\/types\/page"}],"author":[{"embeddable":true,"href":"https:\/\/www.edelstam.org\/es\/wp-json\/wp\/v2\/users\/1"}],"replies":[{"embeddable":true,"href":"https:\/\/www.edelstam.org\/es\/wp-json\/wp\/v2\/comments?post=756"}],"version-history":[{"count":0,"href":"https:\/\/www.edelstam.org\/es\/wp-json\/wp\/v2\/pages\/756\/revisions"}],"wp:attachment":[{"href":"https:\/\/www.edelstam.org\/es\/wp-json\/wp\/v2\/media?parent=756"}],"curies":[{"name":"wp","href":"https:\/\/api.w.org\/{rel}","templated":true}]}}