{"id":753,"date":"2013-06-15T13:13:38","date_gmt":"2013-06-15T13:13:38","guid":{"rendered":"http:\/\/www.edelstam.org\/?page_id=753"},"modified":"2013-06-15T13:13:38","modified_gmt":"2013-06-15T13:13:38","slug":"premio-edelstam","status":"publish","type":"page","link":"https:\/\/www.edelstam.org\/es\/premio-edelstam\/","title":{"rendered":"Premio Edelstam"},"content":{"rendered":"<p>El premio Edelstam es un prestigioso reconocimiento internacional monetario con sede en Suecia y administrado por la Fundaci\u00f3n Harald Edelstam. Dicho premio se concede por destacadas contribuciones y coraje excepcional en la defensa de los Derechos Humanos.<\/p>\n<p>El Premio Edelstam debe su nombre y es otorgado en memoria del diplom\u00e1tico sueco Harald Edelstam (1913-1989).\u00a0 Harald Edelstam se distingui\u00f3 como diplom\u00e1tico por su profesionalismo,\u00a0 valor y coraje c\u00edvil en la defensa de los Derechos Humanos. Fue un temprano exponente y s\u00edmbolo de lo que hoy se conoce como \u201cLa responsabilidad de proteger\u201d y sus actos memorables contribuyeron a salvar miles de vidas.<\/p>\n<p>Los ganadores del premio pueden ser personas privadas, personas que representen un gobierno, una organizaci\u00f3n nacional o internacional, y que en la pr\u00e1ctica hayan actuado seg\u00fan el esp\u00edritu de Harald Edelstam en un pa\u00eds o pa\u00edses en los cuales la violaci\u00f3n a los derechos humanos fuesen cometidos por un r\u00e9gimen o cualquier otro abuso de poder.<\/p>\n<p>Ellos habr\u00e1n demostrado una gran capacidad para analizar r\u00e1pidamente una situaci\u00f3n compleja y encontrar la manera, incluso de forma creativa e inusual, de reaccionar en forma pr\u00e1ctica en la defensa de los derechos humanos y con tal repercusi\u00f3n que en una situaci\u00f3n dif\u00edcil y ca\u00f3tica, haya sido decisiva para muchas personas en estado vulnerable o que directamente ese actuar les haya salvado la vida. El coraje es un par\u00e1metro clave en la selecci\u00f3n de un candidato ganador.<\/p>\n<p><b>El Jurado<\/b><br \/>\nEl jurado internacional est\u00e1 presidido por\u00a0<b>Caroline Edelstam<\/b>, nieta de Harald Edelstam y Cofundadora de la Fundaci\u00f3n Harald Edelstam. La Jueza\u00a0<b>Louise Arbour<\/b>, ex Alto Comisionado de las Naciones Unidas para los Derecho Humanos representa Norte Am\u00e9rica. La ganadora del Premio Nobel de la Paz del a\u00f1o 2003, la Jueza\u00a0<b>Shirin Ebadi<\/b>, representa Asia. \u00c1frica es representado por el Dr.\u00a0<b>Pascoal Mocumbi<\/b>, ex Primer Ministro de Mozambique. El Profesor<b>Philip Alston<\/b>, ex Relator Especial de las Naciones Unidas sobre ejecuciones extrajudiciales, sumarias o arbitrarias, representa Ocean\u00eda. Latinoam\u00e9rica es representada por el ex Presidente de Chile, Dr.\u00a0<b>Ricardo Lagos<\/b>. Finalmente, Europa es representada por ex Juez\u00a0<b>Baltasar Garz\u00f3n<\/b>, que ejerci\u00f3 en la Sala de lo Penal de la Audiencia Nacional de Espa\u00f1a y que est\u00e1 constantemente luchando por los Derechos Humanos. Baltasar Garz\u00f3n es conocido principalmente por acusar al general Augusto Pinochet por presunta muerte y tortura de ciudadanos espa\u00f1oles.<\/p>\n<p><b>Comit\u00e9 de Nominaci\u00f3n<\/b><br \/>\nEl Comit\u00e9 de nominaci\u00f3n es presidido por el embajador\u00a0<b>Jan Axel Nordlander<\/b>, ex embajador sueco por los derechos humanos y tambi\u00e9n integran el comit\u00e9 el Profesor\u00a0<b>Sadiq Jalal Al-Azm<\/b>, un destacado fil\u00f3sofo de origen sirio, portavoz la libertad intelectual y de expresi\u00f3n; el Profesor\u00a0<b>Vitit Montarnhorn<\/b>, ex Relator Especial de las Naciones Unidas sobre la situaci\u00f3n de los Derecho Humanos en la Rep\u00fablica Popular de Corea; el Diputado<b>Tucapel Jim\u00e9nez<\/b>, miembro de la C\u00e1mara Chilena de Diputados y de la Comisi\u00f3n de Derechos Humanos;\u00a0<b>Silvia Escobar<\/b>, ex Embajadora de Derechos Humanos de Espa\u00f1a y ex Directora de la Secci\u00f3n Espa\u00f1ola de Amnist\u00eda Internacional; y el Profesor\u00a0<b>Yash Ghai<\/b>, especialista en derecho constitucional, jefe de la Unidad de Apoyo Constituci\u00f3n Asesor de las Naciones Unidas para el Desarrollo en Nepal y ex Representante Especial de la Secretar\u00eda General de las Naciones Unidas en Camboya en materia de derechos humanos. El comit\u00e9 tambi\u00e9n lo integra\u00a0<b>Lee Cheuk-yan<\/b>, Secretario General de la Confederaci\u00f3n de Hong Kong de los sindicatos y el Presidente de la Alianza de Hong Kong en Apoyo del Movimiento Patri\u00f3tico Democr\u00e1ticos en China.<\/p>\n","protected":false},"excerpt":{"rendered":"<p>El premio Edelstam es un prestigioso reconocimiento internacional monetario con sede en Suecia y administrado por la Fundaci\u00f3n Harald Edelstam. Dicho premio se concede por destacadas contribuciones y coraje excepcional en la defensa de los Derechos Humanos. El Premio Edelstam debe su nombre y es otorgado en memoria del diplom\u00e1tico sueco Harald Edelstam (1913-1989).\u00a0 Harald [&hellip;]<\/p>\n","protected":false},"author":1,"featured_media":0,"parent":0,"menu_order":0,"comment_status":"closed","ping_status":"closed","template":"","meta":{"ocean_post_layout":"","ocean_both_sidebars_style":"","ocean_both_sidebars_content_width":0,"ocean_both_sidebars_sidebars_width":0,"ocean_sidebar":"","ocean_second_sidebar":"","ocean_disable_margins":"enable","ocean_add_body_class":"","ocean_shortcode_before_top_bar":"","ocean_shortcode_after_top_bar":"","ocean_shortcode_before_header":"","ocean_shortcode_after_header":"","ocean_has_shortcode":"","ocean_shortcode_after_title":"","ocean_shortcode_before_footer_widgets":"","ocean_shortcode_after_footer_widgets":"","ocean_shortcode_before_footer_bottom":"","ocean_shortcode_after_footer_bottom":"","ocean_display_top_bar":"default","ocean_display_header":"default","ocean_header_style":"","ocean_center_header_left_menu":"","ocean_custom_header_template":"","ocean_custom_logo":0,"ocean_custom_retina_logo":0,"ocean_custom_logo_max_width":0,"ocean_custom_logo_tablet_max_width":0,"ocean_custom_logo_mobile_max_width":0,"ocean_custom_logo_max_height":0,"ocean_custom_logo_tablet_max_height":0,"ocean_custom_logo_mobile_max_height":0,"ocean_header_custom_menu":"","ocean_menu_typo_font_family":"","ocean_menu_typo_font_subset":"","ocean_menu_typo_font_size":0,"ocean_menu_typo_font_size_tablet":0,"ocean_menu_typo_font_size_mobile":0,"ocean_menu_typo_font_size_unit":"px","ocean_menu_typo_font_weight":"","ocean_menu_typo_font_weight_tablet":"","ocean_menu_typo_font_weight_mobile":"","ocean_menu_typo_transform":"","ocean_menu_typo_transform_tablet":"","ocean_menu_typo_transform_mobile":"","ocean_menu_typo_line_height":0,"ocean_menu_typo_line_height_tablet":0,"ocean_menu_typo_line_height_mobile":0,"ocean_menu_typo_line_height_unit":"","ocean_menu_typo_spacing":0,"ocean_menu_typo_spacing_tablet":0,"ocean_menu_typo_spacing_mobile":0,"ocean_menu_typo_spacing_unit":"","ocean_menu_link_color":"","ocean_menu_link_color_hover":"","ocean_menu_link_color_active":"","ocean_menu_link_background":"","ocean_menu_link_hover_background":"","ocean_menu_link_active_background":"","ocean_menu_social_links_bg":"","ocean_menu_social_hover_links_bg":"","ocean_menu_social_links_color":"","ocean_menu_social_hover_links_color":"","ocean_disable_title":"default","ocean_disable_heading":"default","ocean_post_title":"","ocean_post_subheading":"","ocean_post_title_style":"","ocean_post_title_background_color":"","ocean_post_title_background":0,"ocean_post_title_bg_image_position":"","ocean_post_title_bg_image_attachment":"","ocean_post_title_bg_image_repeat":"","ocean_post_title_bg_image_size":"","ocean_post_title_height":0,"ocean_post_title_bg_overlay":0.5,"ocean_post_title_bg_overlay_color":"","ocean_disable_breadcrumbs":"default","ocean_breadcrumbs_color":"","ocean_breadcrumbs_separator_color":"","ocean_breadcrumbs_links_color":"","ocean_breadcrumbs_links_hover_color":"","ocean_display_footer_widgets":"default","ocean_display_footer_bottom":"default","ocean_custom_footer_template":"","footnotes":""},"class_list":["post-753","page","type-page","status-publish","hentry","entry"],"aioseo_notices":[],"_links":{"self":[{"href":"https:\/\/www.edelstam.org\/es\/wp-json\/wp\/v2\/pages\/753","targetHints":{"allow":["GET"]}}],"collection":[{"href":"https:\/\/www.edelstam.org\/es\/wp-json\/wp\/v2\/pages"}],"about":[{"href":"https:\/\/www.edelstam.org\/es\/wp-json\/wp\/v2\/types\/page"}],"author":[{"embeddable":true,"href":"https:\/\/www.edelstam.org\/es\/wp-json\/wp\/v2\/users\/1"}],"replies":[{"embeddable":true,"href":"https:\/\/www.edelstam.org\/es\/wp-json\/wp\/v2\/comments?post=753"}],"version-history":[{"count":0,"href":"https:\/\/www.edelstam.org\/es\/wp-json\/wp\/v2\/pages\/753\/revisions"}],"wp:attachment":[{"href":"https:\/\/www.edelstam.org\/es\/wp-json\/wp\/v2\/media?parent=753"}],"curies":[{"name":"wp","href":"https:\/\/api.w.org\/{rel}","templated":true}]}}