{"id":1018,"date":"2014-04-22T12:37:01","date_gmt":"2014-04-22T12:37:01","guid":{"rendered":"http:\/\/www.edelstam.org\/?page_id=1018"},"modified":"2024-10-09T20:31:56","modified_gmt":"2024-10-09T19:31:56","slug":"el-jurado","status":"publish","type":"page","link":"https:\/\/www.edelstam.org\/es\/premio-edelstam\/el-jurado\/","title":{"rendered":"El Jurado"},"content":{"rendered":"<div class=\"wpb-content-wrapper\"><p>[vc_row][vc_column width=&#8221;1\/4&#8243;][vc_single_image image=&#8221;1174&#8243; img_size=&#8221;full&#8221; style=&#8221;vc_box_outline&#8221; border_color=&#8221;orange&#8221;][\/vc_column][vc_column width=&#8221;3\/4&#8243;][vc_column_text]<strong>Presidenta del Jurado del Premio Edelstam Caroline Edelstam, nieta del Embajador Harald Edelstam y cofundadora del Premio Edelstam<\/strong><\/p>\n<p>Se\u00f1ora Caroline Edelstam es nieta del embajador Harald Edelstam y la cofundadora de la Fundaci\u00f3n Harald Edelstam y del Premio Edelstam. Caroline Edelstam ha sido la Secretaria General de la Fundaci\u00f3n Africana para la Medicina y la Investigaci\u00f3n (AMREF) en Suecia, entre el a\u00f1o 2009 y 2011. Entre el 2000 y 2009 trabaj\u00f3 en la Consultor\u00eda Internacional de Comunicaci\u00f3n, Relaciones P\u00fablicas y Public Affairs, Burson-Marsteller. Tambi\u00e9n tiene experiencia en las organizaciones sin fin de lucro<em>; el Ej\u00e9rcito de Salvaci\u00f3n, la Fundaci\u00f3n Sueca de Microcr\u00e9dito y la Fundaci\u00f3n \u201cMin Stora Dag\u201d<\/em>, entre otras. La se\u00f1ora Caroline Edelstam ha sido miembro del consejo de redacci\u00f3n de la\u00a0<em>Revista Sueca de \u201cRecaudaci\u00f3n de Fondos\u201d<\/em><i>\u00a0<\/i>entre 2008 y 2010. En 2011 fue nombrada por la revista sueca \u201c<em>CSR i Praktiken\u201d<\/em><i>\u00a0<\/i>como una de las personas m\u00e1s influyentes en el \u00e1mbito de la Responsabilidad Social Corporativa (CSR) y del desarrollo sostenible por su trabajo en AMREF Suecia,<em>.<\/em><i>\u00a0<\/i>Caroline Edelstam naci\u00f3 en 1975 en Trelleborg, Suecia y estudi\u00f3 en American University of Paris, donde se gradu\u00f3 en 2000.<\/p>\n<p>[\/vc_column_text][\/vc_column][\/vc_row][vc_row][vc_column width=&#8221;1\/4&#8243;][vc_single_image image=&#8221;1688&#8243; img_size=&#8221;full&#8221; style=&#8221;vc_box_outline&#8221; border_color=&#8221;orange&#8221;][\/vc_column][vc_column width=&#8221;3\/4&#8243;][vc_column_text css=&#8221;&#8221;]<strong>Africa<\/strong><\/p>\n<p><b><strong>Fatou Bensouda, Prosecutor and Legal Adviser <\/strong><\/b><\/p>\n<p>In 2011, Ms. Fatou Bensouda from the Gambia was elected Chief Prosecutor of the International Criminal Court (ICC). Subsequently, she was sworn in on June 15, 2012, and her term ended on June 15, 2021. Prior to this, she held the position of ICC Deputy Prosecutor.<br \/>\nIn her work, Ms. Bensouda has emphasized the importance of accountability of underreported crimes such as gender-based crimes, mass atrocities involving children, and intentional destruction of cultural heritage.<\/p>\n<p>Before attaining her positions at the ICC, Ms. Bensouda held positions such as Senior Legal Adviser and Head of the Legal Advisory Team Unit at the International Criminal Tribunal for Rwanda in Tanzania. She has also served as a delegate to United Nations conferences on crime prevention, to the Organization of African Unity\u2019s Ministerial Meetings on Human Rights, and as a delegate of The Gambia to the meetings of the Preparatory Commission for the ICC.<\/p>\n<p>In 1987, Ms. Bensouda was appointed Senior State Counsel and successively became Principal State Counsel, Deputy Director of Public Prosecutions, Solicitor General and Legal Secretary of the Republic. During her later position as Attorney General and Minister of Justice, she served as Chief Legal Advisor to the President and Cabinet of The Republic of The Gambia.<br \/>\nMs. Bensouda has received various awards for her efforts, such as the International Commission of Jurists\u2019 International Jurists Award (2009), the 2011 World Peace Through Law Award, the American Society of International Law\u2019s Honorary Membership Award (2014), and the XXXV Peace Prize by the United Nations Association of Spain (2015).[\/vc_column_text][\/vc_column][\/vc_row][vc_row][vc_column width=&#8221;1\/4&#8243;][vc_single_image image=&#8221;1172&#8243; img_size=&#8221;full&#8221; style=&#8221;vc_box_outline&#8221; border_color=&#8221;orange&#8221;][\/vc_column][vc_column width=&#8221;3\/4&#8243;][vc_column_text]<strong>Asia<\/strong><b><br \/>\n<strong>La Jueza Shirin Ebadi, Laureada del Premio Nobel de la Paz en 2003<\/strong><\/b><\/p>\n<p>Dr. Shirin Ebadi es una abogada iran\u00ed que ejerce de jueza, profesora, escritora y activista. Recibi\u00f3 el Premio Nobel de la Paz en 2003 por su trabajo sobre la mujer y los Derechos Humanos de los ni\u00f1os. La Se\u00f1ora. Ebadi fue la primera mujer que ejerci\u00f3 de jueza en Ir\u00e1n, sin embargo, se vi\u00f3 obligada a abandonar su puesto durante la revoluci\u00f3n iran\u00ed en 1979. Desde entonces trabaja como abogada defensora. El r\u00e9gimen de Ir\u00e1n la calific\u00f3 como una amenaza para el r\u00e9gimen isl\u00e1mico del pa\u00eds. La Se\u00f1ora Shirin Ebadi afirma que no encuentra ninguna contradicci\u00f3n entre el Islam y los derechos humanos fundamentales. En 2001 recibi\u00f3 el Premio Thorolf Rafto, por sus esfuerzos y en 1996 el Premio de Vigilancia de los Derechos Humanos. En Noviembre de 2009 las autoridades iran\u00edes confiscaron la medalla que le fue otorgada con el Premios Nobel junto con el diploma y otras pertenencias. Se\u00f1ora Shirin Ebadi naci\u00f3 en Hamadan, Ir\u00e1n, en 1947.[\/vc_column_text][\/vc_column][\/vc_row][vc_row][vc_column width=&#8221;1\/4&#8243;][vc_single_image image=&#8221;1165&#8243; img_size=&#8221;full&#8221; style=&#8221;vc_box_outline&#8221; border_color=&#8221;orange&#8221;][\/vc_column][vc_column width=&#8221;3\/4&#8243;][vc_column_text]<strong>Europa <\/strong><\/p>\n<p><strong>El Juez Baltasar Garz\u00f3n<\/strong><\/p>\n<p>Fue juez de la Sala de lo Penal de la Audiencia Nacional de Espa\u00f1a. Previamente hab\u00eda sido juez en el juzgado de Instrucci\u00f3n N\u00ba5 de Madrid d\u00f3nde instruy\u00f3 e investig\u00f3 los cr\u00edmenes m\u00e1s graves cometidos en Espa\u00f1a, como el terrorismo, la delincuencia organizada y el blanqueo de capitales. En 1993-94, era brevemente ministro del gobierno socialista, pero volvi\u00f3 a la Audiencia Nacional liderando una serie de investigaciones que culminaron condenando al jefe de los Grupos Antiterroristas de Liberaci\u00f3n (GAL) que adem\u00e1s era presidente del Partido Socialista Obrero Espa\u00f1ol (PSOE).<br \/>\nEl Se\u00f1or Baltasar Garz\u00f3n fue conocido a nivel internacional cu\u00e1ndo el 10 de octubre de 1998 emiti\u00f3 una orden internacional de detenci\u00f3n contra el exdictador chileno, General Augusto Pinochet, por la presunta muerte y tortura de ciudadanos espa\u00f1oles. Tambi\u00e9n present\u00f3 cargos de genocidio contra militares argentinos por la desaparici\u00f3n de ciudadanos espa\u00f1oles durante la dictadura de 1976-1983 en Argentina, como por ejemplo Adolfo Scilingo, que fue condenado y sentenciado a m\u00e1s de 1.000 a\u00f1os de c\u00e1rcel por sus cr\u00edmenes. Mantuvo dicha relevancia internacional dictando autos de procesamiento de cinco detenidos de Guant\u00e1namo, entre ellos el espa\u00f1ol Abderrahman Ahmad y el residente del Reino Unido, Jamil El-Banna. Ahmad fue extraditado a Espa\u00f1a el 14 de febrero de 2004. El-Banna fue repatriado al Reino Unido, y en 2007, el Sr. Baltasar Garz\u00f3n retir\u00f3 los cargos contra \u00e9l por razones humanitarias. Se\u00f1or Baltasar Garz\u00f3n, fue acusado en abril de 2010 por presunta prevaricaci\u00f3n al exceder su autoridad al declararse competente para investigar los cr\u00edmenes cometidos por el r\u00e9gimen de Franco, y fue suspendido cautelarmente el 14 de mayo de 2010, a la espera de juicio. Por \u00faltimo, se le ha dado permiso para trabajar en la Corte Penal Internacional de La Haya durante 7 meses a partir de mayo de 2010. Se\u00f1or Baltasar Garz\u00f3n naci\u00f3 el 26 de octubre 1955.[\/vc_column_text][\/vc_column][\/vc_row][vc_row][vc_column width=&#8221;1\/4&#8243;][vc_single_image image=&#8221;1241&#8243; img_size=&#8221;full&#8221; style=&#8221;vc_box_outline&#8221; border_color=&#8221;orange&#8221;][\/vc_column][vc_column width=&#8221;3\/4&#8243;][vc_column_text]<strong>Ocean\u00eda <\/strong><\/p>\n<p><strong>El profesor Philip Alston, relator especial de la ONU sobre ejecuciones extrajudiciales, sumarias o arbitrarias<\/strong><\/p>\n<p>El Se\u00f1or Philip Alston ha sido secretario judicial de las Naciones Unidas en temas de ejecuciones extrajudiciales, sumarias o arbitrarias desde el a\u00f1o 2004. Sus cometidos m\u00e1s recientes han sido Colombia, Kenia, Estados Unidos, Afganist\u00e1n, y Brasil. Fue miembro del<em>Grupo de Expertos sobre Darfur<\/em>, misi\u00f3n que le fue encargada en 2007 por el Consejo de Derechos Humanos de las Naciones Unidas. Desde 2002 Philip Alston ha sido Asesor Especial del Alto Comisionado para los Derechos Humanos sobre los Objetivos de Desarrollo del Milenio. Durante ocho a\u00f1os, hasta 1998, Presidi\u00f3 el Comit\u00e9 de Derechos Econ\u00f3micos, Sociales y Culturales y en 1993 la Conferencia Mundial de Derechos Humanos. Fue nombrado presidente durante la primera reuni\u00f3n de comandatarios y de los presidentes de todos los Tribunales Internacionales de Derechos Humanos y Comit\u00e9s (incluidos los Tribunales de Derechos Humanos Europeo y Americano y la Comisi\u00f3n Africana). El Se\u00f1or Alston fue asesor jur\u00eddico de UNICEF durante el per\u00edodo de redacci\u00f3n de la Convenci\u00f3n de las Naciones Unidas sobre los Derechos del Ni\u00f1o, y dirigi\u00f3 un importante proyecto financiado por la Comisi\u00f3n Europea que dio lugar a la publicaci\u00f3n de un Programa de Derechos Humanos de la Uni\u00f3n Europea para el a\u00f1o 2000 y un gran volumen de ensayos sobre ese tema.[\/vc_column_text][\/vc_column][\/vc_row][vc_row][vc_column width=&#8221;1\/4&#8243;][vc_single_image image=&#8221;2063&#8243; img_size=&#8221;full&#8221; style=&#8221;vc_box_outline&#8221; border_color=&#8221;orange&#8221;][\/vc_column][vc_column width=&#8221;3\/4&#8243;][vc_column_text]<strong>Am\u00e9rica Latina<\/strong><\/p>\n<p><strong>Magistrada Patricia Linares Prieto, magistrada de la Jurisdicci\u00f3n Especial para la Paz (JEP)<\/strong><\/p>\n<p>La magistrada Patricia Linares fue electa en 2017 para presidir la JEP, convirti\u00e9ndose en la primera presidenta que es el de este \u00f3rgano, que constituye el componente de justicia del Sistema Integral de Verdad, Justicia, Reparaci\u00f3n y No Repetici\u00f3n de Colombia, creado en el Acuerdo Final para la Terminaci\u00f3n del Conflicto y la Construcci\u00f3n de una Paz estable y duradera entre el gobierno de Colombia y las FARC.<\/p>\n<p>La magistrada Linares ha sido consultora del Centro Nacional de Memoria Hist\u00f3rica desde 2013 y asesora jur\u00eddica de la Contralor\u00eda desde 2015, adem\u00e1s de contar con una larga trayectoria dedicada a los temas de g\u00e9nero y derechos humanos. La magistrada Linares ha sido consultora para el an\u00e1lisis socio jur\u00eddico de las versiones libres de los desmovilizados en los procesos de Justicia y Paz en el Fondo Global para la Paz y la Seguridad de la Embajada de Canad\u00e1 y Grupo de Memoria Hist\u00f3rica, consultora para la formulaci\u00f3n del Plan de Intervenci\u00f3n Integral para la tranversalizaci\u00f3n del tema de g\u00e9nero y violencia basada en g\u00e9nero en la Defensor\u00eda del Pueblo ONU Mujeres (2009-2010), consultora para el dise\u00f1o de la Unidad de Memoria y Derechos Humanos del Archivo Hist\u00f3rico de Bogot\u00e1 (2009-2010), consultora para la formulaci\u00f3n de una Pol\u00edtica P\u00fablica Integral para la efectiva realizaci\u00f3n de los Derechos a la Verdad, la Justicia, la Reparaci\u00f3n y Garant\u00edas de no Repetici\u00f3n del Consejo Noruego para Refugiados (2009) y directora IEMP y Procuradora Delegada para Derechos Humanos Y Asuntos \u00c9tnicos de la Procuradur\u00eda General de la Naci\u00f3n (2001-2009), ente otros cargos. Adem\u00e1s la magistrada Linares es autora de numerosas publicaciones en temas de g\u00e9nero y derechos humanos.[\/vc_column_text][\/vc_column][\/vc_row]<\/p>\n<\/div>","protected":false},"excerpt":{"rendered":"<p>[vc_row][vc_column width=&#8221;1\/4&#8243;][vc_single_image image=&#8221;1174&#8243; img_size=&#8221;full&#8221; style=&#8221;vc_box_outline&#8221; border_color=&#8221;orange&#8221;][\/vc_column][vc_column width=&#8221;3\/4&#8243;][vc_column_text]Presidenta del Jurado del Premio Edelstam Caroline Edelstam, nieta del Embajador Harald Edelstam y cofundadora del Premio Edelstam Se\u00f1ora Caroline Edelstam es nieta del embajador Harald Edelstam y la cofundadora de la Fundaci\u00f3n Harald Edelstam y del Premio Edelstam. Caroline Edelstam ha sido la Secretaria General de la Fundaci\u00f3n [&hellip;]<\/p>\n","protected":false},"author":1,"featured_media":0,"parent":753,"menu_order":0,"comment_status":"closed","ping_status":"open","template":"","meta":{"ocean_post_layout":"","ocean_both_sidebars_style":"","ocean_both_sidebars_content_width":0,"ocean_both_sidebars_sidebars_width":0,"ocean_sidebar":"0","ocean_second_sidebar":"0","ocean_disable_margins":"enable","ocean_add_body_class":"","ocean_shortcode_before_top_bar":"","ocean_shortcode_after_top_bar":"","ocean_shortcode_before_header":"","ocean_shortcode_after_header":"","ocean_has_shortcode":"","ocean_shortcode_after_title":"","ocean_shortcode_before_footer_widgets":"","ocean_shortcode_after_footer_widgets":"","ocean_shortcode_before_footer_bottom":"","ocean_shortcode_after_footer_bottom":"","ocean_display_top_bar":"default","ocean_display_header":"default","ocean_header_style":"","ocean_center_header_left_menu":"0","ocean_custom_header_template":"0","ocean_custom_logo":0,"ocean_custom_retina_logo":0,"ocean_custom_logo_max_width":0,"ocean_custom_logo_tablet_max_width":0,"ocean_custom_logo_mobile_max_width":0,"ocean_custom_logo_max_height":0,"ocean_custom_logo_tablet_max_height":0,"ocean_custom_logo_mobile_max_height":0,"ocean_header_custom_menu":"0","ocean_menu_typo_font_family":"0","ocean_menu_typo_font_subset":"","ocean_menu_typo_font_size":0,"ocean_menu_typo_font_size_tablet":0,"ocean_menu_typo_font_size_mobile":0,"ocean_menu_typo_font_size_unit":"px","ocean_menu_typo_font_weight":"","ocean_menu_typo_font_weight_tablet":"","ocean_menu_typo_font_weight_mobile":"","ocean_menu_typo_transform":"","ocean_menu_typo_transform_tablet":"","ocean_menu_typo_transform_mobile":"","ocean_menu_typo_line_height":0,"ocean_menu_typo_line_height_tablet":0,"ocean_menu_typo_line_height_mobile":0,"ocean_menu_typo_line_height_unit":"","ocean_menu_typo_spacing":0,"ocean_menu_typo_spacing_tablet":0,"ocean_menu_typo_spacing_mobile":0,"ocean_menu_typo_spacing_unit":"","ocean_menu_link_color":"","ocean_menu_link_color_hover":"","ocean_menu_link_color_active":"","ocean_menu_link_background":"","ocean_menu_link_hover_background":"","ocean_menu_link_active_background":"","ocean_menu_social_links_bg":"","ocean_menu_social_hover_links_bg":"","ocean_menu_social_links_color":"","ocean_menu_social_hover_links_color":"","ocean_disable_title":"default","ocean_disable_heading":"default","ocean_post_title":"","ocean_post_subheading":"","ocean_post_title_style":"","ocean_post_title_background_color":"","ocean_post_title_background":0,"ocean_post_title_bg_image_position":"","ocean_post_title_bg_image_attachment":"","ocean_post_title_bg_image_repeat":"","ocean_post_title_bg_image_size":"","ocean_post_title_height":0,"ocean_post_title_bg_overlay":0.5,"ocean_post_title_bg_overlay_color":"","ocean_disable_breadcrumbs":"default","ocean_breadcrumbs_color":"","ocean_breadcrumbs_separator_color":"","ocean_breadcrumbs_links_color":"","ocean_breadcrumbs_links_hover_color":"","ocean_display_footer_widgets":"default","ocean_display_footer_bottom":"default","ocean_custom_footer_template":"0","footnotes":""},"class_list":["post-1018","page","type-page","status-publish","hentry","entry"],"aioseo_notices":[],"_links":{"self":[{"href":"https:\/\/www.edelstam.org\/es\/wp-json\/wp\/v2\/pages\/1018","targetHints":{"allow":["GET"]}}],"collection":[{"href":"https:\/\/www.edelstam.org\/es\/wp-json\/wp\/v2\/pages"}],"about":[{"href":"https:\/\/www.edelstam.org\/es\/wp-json\/wp\/v2\/types\/page"}],"author":[{"embeddable":true,"href":"https:\/\/www.edelstam.org\/es\/wp-json\/wp\/v2\/users\/1"}],"replies":[{"embeddable":true,"href":"https:\/\/www.edelstam.org\/es\/wp-json\/wp\/v2\/comments?post=1018"}],"version-history":[{"count":0,"href":"https:\/\/www.edelstam.org\/es\/wp-json\/wp\/v2\/pages\/1018\/revisions"}],"up":[{"embeddable":true,"href":"https:\/\/www.edelstam.org\/es\/wp-json\/wp\/v2\/pages\/753"}],"wp:attachment":[{"href":"https:\/\/www.edelstam.org\/es\/wp-json\/wp\/v2\/media?parent=1018"}],"curies":[{"name":"wp","href":"https:\/\/api.w.org\/{rel}","templated":true}]}}